{"id":44,"date":"2023-05-11T15:09:11","date_gmt":"2023-05-11T13:09:11","guid":{"rendered":"https:\/\/lu92.de\/comax23\/en\/?page_id=44"},"modified":"2024-11-04T10:34:10","modified_gmt":"2024-11-04T09:34:10","slug":"development-and-research","status":"publish","type":"page","link":"https:\/\/collagenmax.com\/en\/development-and-research\/","title":{"rendered":"development and research"},"content":{"rendered":"\n<div class=\"wp-block-cover is-light has-parallax comax_stage\" style=\"background-image:url(https:\/\/collagenmax.com\/en\/wp-content\/uploads\/sites\/3\/2023\/05\/back-stage-1.jpg);  min-height:100vh\" style=\"min-height:100vh\"><span aria-hidden=\"true\" class=\"wp-block-cover__background has-background-dim-0 has-background-dim\"><\/span><div class=\"wp-block-cover__inner-container\">\n<div class=\"wp-block-group is-layout-constrained\">\n<figure class=\"wp-block-image size-large\"><img decoding=\"async\" loading=\"lazy\" width=\"1024\" height=\"640\" src=\"https:\/\/collagenmax.com\/en\/wp-content\/uploads\/sites\/3\/2024\/11\/collagenmax-package-and-bottles-3-1024x640.webp\" alt=\"\" class=\"wp-image-477\" srcset=\"https:\/\/collagenmax.com\/en\/wp-content\/uploads\/sites\/3\/2024\/11\/collagenmax-package-and-bottles-3-1024x640.webp 1024w, https:\/\/collagenmax.com\/en\/wp-content\/uploads\/sites\/3\/2024\/11\/collagenmax-package-and-bottles-3-300x188.webp 300w, https:\/\/collagenmax.com\/en\/wp-content\/uploads\/sites\/3\/2024\/11\/collagenmax-package-and-bottles-3-768x480.webp 768w, https:\/\/collagenmax.com\/en\/wp-content\/uploads\/sites\/3\/2024\/11\/collagenmax-package-and-bottles-3.webp 1440w\" sizes=\"(max-width: 1024px) 100vw, 1024px\" \/><\/figure>\n<\/div>\n\n\n\n<h1 class=\"wp-block-heading has-text-align-center\">Development and Research<\/h1>\n\n\n\n<div class=\"wp-block-group is-layout-constrained\">\n<p class=\"has-text-align-center __isicon __lum __isanimated\"><a href=\"#stage_content\">M<\/a><\/p>\n<\/div>\n<\/div><\/div>\n\n\n\n<div class=\"wp-block-cover is-light has-parallax has-custom-content-position is-position-top-center comax_stage\" style=\"min-height:100vh\" id=\"stage_content\"><span aria-hidden=\"true\" class=\"wp-block-cover__background has-background-dim-0 has-background-dim\"><\/span><div role=\"img\" class=\"wp-block-cover__image-background wp-image-77 has-parallax\" style=\"background-position:50% 50%;background-image:url(https:\/\/collagenmax.com\/wp-content\/uploads\/2023\/04\/back-inter.jpg)\"><\/div><div class=\"wp-block-cover__inner-container\">\n<h2 class=\"wp-block-heading has-text-align-left\">Research<\/h2>\n\n\n\n<p>VeCollal<sup>\u00ae<\/sup> is the first biomimetic of human type-1 collagen. Traditionally, type-1 collagen food supplements are extracted from cows, pigs or marine animals, as their amino acid profile is similar to that of human beings. However, animal collagen is not identical with human collagen and even contains certain essential amino acids like L-tryptophan, which makes it an incomplete source of protein.<\/p>\n\n\n\n<figure id=\"video_amino_two\" class=\"wp-block-video comax_video_wide\"><video autoplay muted src=\"https:\/\/collagenmax.com\/en\/wp-content\/uploads\/sites\/3\/2023\/05\/animation-two-en-20230518-211.mp4\" playsinline><\/video><\/figure>\n\n\n\n<p>As illustrated in the graph, there are significant differences between the amino acid profile of human type-1 collagen and standard animal-based collagen products.<\/p>\n\n\n\n<p>VeCollal<sup>\u00ae<\/sup> is identical with human type-1 collagen and provides the perfect ratios for the natural formation of collagen in the body. It is based on the natural process of human type-1 collagen synthesis. This feature cannot be found in any animal collagen source. Only VeCollal<sup>\u00ae<\/sup> is able to perfectly mimic human type-1 collagen thanks to a patented procedure. The epigenetic formula of BLUEZONES<sup>\u00ae<\/sup> enormously optimizes the effect of VeCollal<sup>\u00ae<\/sup>. The 3-PHASE-SYSTEM of timeblock collagenmax increases the body\u2019s own production of collagen and elastin. The 3-PHASE-SYSTEM of timeblock collagenmax stimulates the body to provide the perfect supply of amino acid components \u2013 for the same maximum collagen production that occurs in young people.<\/p>\n\n\n\n<figure class=\"wp-block-image aligncenter size-large comax_inline_image\"><img decoding=\"async\" loading=\"lazy\" width=\"1024\" height=\"640\" src=\"https:\/\/collagenmax.com\/en\/wp-content\/uploads\/sites\/3\/2023\/05\/collagenmax-en-epigeneticformula-20230518-1024x640.png\" alt=\"\" class=\"wp-image-314\" srcset=\"https:\/\/collagenmax.com\/en\/wp-content\/uploads\/sites\/3\/2023\/05\/collagenmax-en-epigeneticformula-20230518-1024x640.png 1024w, https:\/\/collagenmax.com\/en\/wp-content\/uploads\/sites\/3\/2023\/05\/collagenmax-en-epigeneticformula-20230518-300x188.png 300w, https:\/\/collagenmax.com\/en\/wp-content\/uploads\/sites\/3\/2023\/05\/collagenmax-en-epigeneticformula-20230518-768x480.png 768w, https:\/\/collagenmax.com\/en\/wp-content\/uploads\/sites\/3\/2023\/05\/collagenmax-en-epigeneticformula-20230518.png 1440w\" sizes=\"(max-width: 1024px) 100vw, 1024px\" \/><\/figure>\n\n\n\n<h3 class=\"wp-block-heading\">Researcher: Josu\u00e9 Jim\u00e9nez V\u00e1zquez, PhD<\/h3>\n\n\n\n<p>Dr. Josu\u00e9 V\u00e1zquez is a renowned and recognized expert in biomaterials who specializes in tissue engineering, precision medicine, and data science. His research in the area of synthetic skin engineering and tissue regeneration has been published all over the world. Dr. Josu\u00e9 Jim\u00e9nez V\u00e1zquez\u2018 scientific brilliance and Aminolabs\u2019 expertise in nutritional science (www.aminolabs.com) have merged in an innovative collaboration to develop the groundbreaking technology of VeCollal<sup>\u00ae<\/sup> \u2013 the first vegan collagen alternative worldwide based on sound scientific knowledge.<\/p>\n<\/div><\/div>\n","protected":false},"excerpt":{"rendered":"","protected":false},"author":1,"featured_media":25,"parent":0,"menu_order":0,"comment_status":"closed","ping_status":"closed","template":"","meta":[],"_links":{"self":[{"href":"https:\/\/collagenmax.com\/en\/wp-json\/wp\/v2\/pages\/44"}],"collection":[{"href":"https:\/\/collagenmax.com\/en\/wp-json\/wp\/v2\/pages"}],"about":[{"href":"https:\/\/collagenmax.com\/en\/wp-json\/wp\/v2\/types\/page"}],"author":[{"embeddable":true,"href":"https:\/\/collagenmax.com\/en\/wp-json\/wp\/v2\/users\/1"}],"replies":[{"embeddable":true,"href":"https:\/\/collagenmax.com\/en\/wp-json\/wp\/v2\/comments?post=44"}],"version-history":[{"count":9,"href":"https:\/\/collagenmax.com\/en\/wp-json\/wp\/v2\/pages\/44\/revisions"}],"predecessor-version":[{"id":480,"href":"https:\/\/collagenmax.com\/en\/wp-json\/wp\/v2\/pages\/44\/revisions\/480"}],"wp:featuredmedia":[{"embeddable":true,"href":"https:\/\/collagenmax.com\/en\/wp-json\/wp\/v2\/media\/25"}],"wp:attachment":[{"href":"https:\/\/collagenmax.com\/en\/wp-json\/wp\/v2\/media?parent=44"}],"curies":[{"name":"wp","href":"https:\/\/api.w.org\/{rel}","templated":true}]}}